{"id":154,"date":"2015-07-16T09:12:44","date_gmt":"2015-07-16T09:12:44","guid":{"rendered":"http:\/\/test.kriesi.at\/minimal-portfolio\/?page_id=154"},"modified":"2021-12-06T18:04:26","modified_gmt":"2021-12-06T18:04:26","slug":"kodulehe-privaatsuspoliitika","status":"publish","type":"page","link":"https:\/\/reddington.ee\/en\/kodulehe-privaatsuspoliitika\/","title":{"rendered":"Kodulehe privaatsuspoliitika"},"content":{"rendered":"<div id='av_section_1'  class='avia-section av-av_section-2dcb3d115e2e5af9a73072e0505910f8 main_color avia-section-default avia-no-border-styling  avia-builder-el-0  el_before_av_postcontent  avia-builder-el-first  avia-bg-style-scroll container_wrap fullsize'  ><div class='container av-section-cont-open' ><main  role=\"main\" itemprop=\"mainContentOfPage\"  class='template-page content  av-content-full alpha units'><div class='post-entry post-entry-type-page post-entry-154'><div class='entry-content-wrapper clearfix'>\n<div  class='flex_column av-av_one_full-a93934ecd89fbb8a9566d39e89cd3725 av_one_full  avia-builder-el-1  avia-builder-el-no-sibling  first flex_column_div  '     ><p>\n<style type=\"text\/css\" data-created_by=\"avia_inline_auto\" id=\"style-css-av-kwuze9p8-e85e76c950545809ea649be301354d80\">\n#top .av-special-heading.av-kwuze9p8-e85e76c950545809ea649be301354d80{\npadding-bottom:10px;\nfont-size:50px;\n}\nbody .av-special-heading.av-kwuze9p8-e85e76c950545809ea649be301354d80 .av-special-heading-tag .heading-char{\nfont-size:25px;\n}\n#top #wrap_all .av-special-heading.av-kwuze9p8-e85e76c950545809ea649be301354d80 .av-special-heading-tag{\nfont-size:50px;\n}\n.av-special-heading.av-kwuze9p8-e85e76c950545809ea649be301354d80 .av-subheading{\nfont-size:15px;\n}\n\n@media only screen and (min-width: 768px) and (max-width: 989px){ \n#top #wrap_all .av-special-heading.av-kwuze9p8-e85e76c950545809ea649be301354d80 .av-special-heading-tag{\nfont-size:25px;\n}\n}\n\n@media only screen and (min-width: 480px) and (max-width: 767px){ \n#top #wrap_all .av-special-heading.av-kwuze9p8-e85e76c950545809ea649be301354d80 .av-special-heading-tag{\nfont-size:25px;\n}\n}\n\n@media only screen and (max-width: 479px){ \n#top #wrap_all .av-special-heading.av-kwuze9p8-e85e76c950545809ea649be301354d80 .av-special-heading-tag{\nfont-size:25px;\n}\n}\n<\/style>\n<div  class='av-special-heading av-kwuze9p8-e85e76c950545809ea649be301354d80 av-special-heading-h3 blockquote modern-quote  avia-builder-el-2  el_before_av_textblock  avia-builder-el-first  av-inherit-size'><h3 class='av-special-heading-tag'  itemprop=\"headline\"  >Kodulehe privaatsuspoliitika<\/h3><div class=\"special-heading-border\"><div class=\"special-heading-inner-border\"><\/div><\/div><\/div><br \/>\n<section  class='av_textblock_section av-kwuzg5t7-97004fa75b44314075d217f1004a19ea '   itemscope=\"itemscope\" itemtype=\"https:\/\/schema.org\/CreativeWork\" ><div class='avia_textblock'  itemprop=\"text\" ><p><strong>Privaatsuspoliitika<\/strong><\/p>\n<p>K\u00e4esolev privaatsuspoliitika on koostatud eesm\u00e4rgiga kaitsta Reddington O\u00dc endiste, praeguste ja tulevaste klientide privaatsust. Sellest l\u00e4htuvalt toome v\u00e4lja p\u00f5him\u00f5tted, mis k\u00e4sitlevad kliendi isikuandmete kogumist, kasutamist, talletamist, edastamist ja avaldamist ning on koosk\u00f5las Eesti Vabariigi seaduste ning Euroopa Liidu \u00f5igusaktidega.<\/p>\n<p><strong>Isikuandmete kogumine ja kasutamine<\/strong><\/p>\n<p>Isikuandmetena k\u00e4sitleme andmeid, mis on isiku poolt antud vabatahtlikult ning kinnitatud kirjaliku n\u00f5usolekuga. Isikuandmed v\u00f5ivad sisaldada nime, telefoninumbrit, e-maili, aadressi ja muid andmeid.<\/p>\n<p>Isikuandmeid kasutame vaid selleks etten\u00e4htud eesm\u00e4rgil, milleks on klientidele v\u00e4rskeima turuinfo edastamine uudiskirjade, igakuiste turu\u00fclevaadete, parimate pakkumiste ning muu Reddington O\u00dc tegevusega seotud info jagamine.<\/p>\n<p>Reddington O\u00dc ei levita, edasta, muuda ega kasuta m\u00f5nel muul mitte etten\u00e4htud viisil meile usaldatud isikuandmeid, v\u00e4lja arvatud juhul kui kliendiga on vastav kokkulepe v\u00f5i kui info avaldamise vajadus tuleneb Eesti Vabariigi seadusandlusest.<\/p>\n<p>Juhul, kui saate meie k\u00e4est eelnimetatud infot, ilma et oleksite meile enda teadmata edastanud oma andmeid, palume sellest teada anda info@reddington.ee.<\/p>\n<p>Isikul on \u00f5igus oma n\u00f5usolek igal ajal tagasi v\u00f5tta teavitades sellest aadressil info@reddington.ee.<\/p>\n<p><strong>Isikustamata andmete kogumine ja kasutamine<\/strong><\/p>\n<p>Isikustamata andmed on andmed, mida ei saa otseselt siduda \u00fche kindla isikuga (vanus, sugu, elukoht).<\/p>\n<p>Reddington O\u00dc kasutab oma veebilehel k\u00fcpsiseid (cookies), mille funktsioon on \u00fcldise statistika kogumine meie kodulehe liikluse kohta, kodulehe kasutamise kiirendamine ja mugavamaks muutmine kasutajate jaoks. See info aitab meil oma kodulehek\u00fclge ajakohastada ja muuta info Teile paremini k\u00e4ttesaadavamaks. Me ei j\u00e4lgi individuaalsete inimeste k\u00e4itumist ja liikumist meie veebilehel.<\/p>\n<p>K\u00fcpsis on tekstifail, mille saadavad ja salvestavad kasutaja arvutisse veebilehed, mida ta k\u00fclastab. K\u00fcpsis salvestatakse kasutaja veebilehitseja failikataloogis. Juhul kui Kasutaja on veebilehte varem k\u00fclastanud, loeb veebilehitseja k\u00fcpsist ning edastab vastava teabe veebilehele v\u00f5i elemendile, mis k\u00fcpsise algul salvestas. Lisateave k\u00fcpsiste kohta on k\u00e4ttesaadav veebilehel www.aki.ee\/et\/kupsised.<\/p>\n<p>Veebilehitsejal on \u00f5igus k\u00fcpsiste kasutamine \u00e4ra keelata. Vastava soovi korral tuleb muuta oma veebilehitseja seadeid.<\/p>\n<p><strong>Privaatsuspoliitika tingimused ja muudatused<\/strong><\/p>\n<p>Meile oma andmeid edastades ning meie veebilehte kasutama asudes, olete tutvunud meie p\u00f5him\u00f5tete ja tingimustega ning nendega n\u00f5ustunud. Reddington O\u00dc j\u00e4tab endale \u00f5iguse vajadusel muuta privaatsuspoliitika \u00fcldtingimusi.<\/p>\n<p>K\u00f5ikide privaatsuspoliitikat puudutavate k\u00fcsimuste korral palume v\u00f5tta meiega \u00fchendust info@reddington.ee.<\/p>\n<\/div><\/section><\/p><\/div>[av_section min_height='' min_height_pc='25' min_height_px='500px' padding='large' custom_margin='0px' custom_margin_sync='true' svg_div_top='' svg_div_top_color='#333333' svg_div_top_width='100' svg_div_top_height='50' svg_div_top_max_height='none' svg_div_top_opacity='' svg_div_bottom='' svg_div_bottom_color='#333333' svg_div_bottom_width='100' svg_div_bottom_height='50' svg_div_bottom_max_height='none' svg_div_bottom_opacity='' color='footer_color' background='bg_color' custom_bg='' background_gradient_direction='diagonal_bt' background_gradient_color1='' background_gradient_color2='' background_gradient_color3='' src='' attachment='' attachment_size='' attach='scroll' position='top left' repeat='no-repeat' video='' video_ratio='16:9' overlay_opacity='0.5' overlay_color='' overlay_pattern='' overlay_custom_pattern='' shadow='no-border-styling' bottom_border='no-border-styling' bottom_border_diagonal_color='#333333' bottom_border_diagonal_direction='' bottom_border_style='' custom_arrow_bg='' id='kontakt' custom_class='' template_class='' aria_label='' av_element_hidden_in_editor='0' av_uid='av-dc4ya' sc_version='1.0']\r\n\r\n[av_two_fifth first min_height='av-equal-height-column' vertical_alignment='av-align-middle' space='' row_boxshadow_color='' row_boxshadow_width='10' margin='0px' margin_sync='true' mobile_breaking='' mobile_column_order='' min_col_height='' padding='0px' padding_sync='true' svg_div_top='' svg_div_top_color='#333333' svg_div_top_width='100' svg_div_top_height='50' svg_div_top_max_height='none' svg_div_top_opacity='' svg_div_bottom='' svg_div_bottom_color='#333333' svg_div_bottom_width='100' svg_div_bottom_height='50' svg_div_bottom_max_height='none' svg_div_bottom_opacity='' border='' border_style='solid' border_color='' radius='0px' radius_sync='true' column_boxshadow_color='' column_boxshadow_width='10' background='bg_color' background_color='' background_gradient_direction='vertical' background_gradient_color1='' background_gradient_color2='' background_gradient_color3='' src='' attachment='' attachment_size='' background_position='top left' background_repeat='no-repeat' highlight_size='1.1' animation='' link='' linktarget='' link_hover='' title_attr='' alt_attr='' mobile_display='' mobile_col_pos='0' id='' custom_class='' template_class='' aria_label='' av_uid='av-ldmx42yx' sc_version='1.0']\r\n\r\n[av_heading heading='Reddington O\u00dc' tag='h3' style='blockquote modern-quote' subheading_active='' show_icon='' icon='ue800' font='entypo-fontello' size='40' av-medium-font-size-title='' av-small-font-size-title='' av-mini-font-size-title='' subheading_size='' av-medium-font-size='' av-small-font-size='' av-mini-font-size='' icon_size='' av-medium-font-size-1='' av-small-font-size-1='' av-mini-font-size-1='' color='custom-color-heading' custom_font='#000000' subheading_color='' seperator_color='' icon_color='' margin='' margin_sync='true' padding='10' icon_padding='10' headline_padding='' headline_padding_sync='true' link='' link_target='' id='' custom_class='' template_class='' av_uid='av-3mcggy' sc_version='1.0' admin_preview_bg=''][\/av_heading]\r\n\r\n[av_iconlist position='left' iconlist_styling='av-iconlist-small' custom_title_size='16' av-desktop-font-size-title='' av-medium-font-size-title='' av-small-font-size-title='' av-mini-font-size-title='' custom_content_size='' av-desktop-font-size='' av-medium-font-size='' av-small-font-size='' av-mini-font-size='' font_color='custom' custom_title='#0a0a0a' custom_content='' color='custom' custom_font='#03c203' custom_bg='' custom_border='' gradient_color_direction='vertical' gradient_color_1='#000000' gradient_color_2='#ffffff' gradient_color_3='' border='' border_width='' border_width_sync='true' border_color='' box_shadow='' box_shadow_style='0px,0px,0px,0px' box_shadow_color='' animation='' sonar_effect_effect='' sonar_effect_color='' sonar_effect_duration='1' sonar_effect_scale='' sonar_effect_opac='0.5' alb_description='' id='' custom_class='' template_class='' av_uid='av-3gvszu' sc_version='1.0' admin_preview_bg='']\r\n[av_iconlist_item title='<strong>Reg. No: <\/strong>14463011' icon='ue875' font='entypo-fontello' heading_tag='' heading_class='' link='' linktarget='' linkelement='' av_uid='av-37ee3m' sc_version='1.0' title_attr=''][\/av_iconlist_item]\r\n[av_iconlist_item title='<strong>VAT: <\/strong>EE102061248' icon='ue875' font='entypo-fontello' heading_tag='' heading_class='' link='' linktarget='' linkelement='' av_uid='av-32e11m' sc_version='1.0' title_attr=''][\/av_iconlist_item]\r\n[av_iconlist_item title='<strong>MTR No:<\/strong> EEH013682' icon='ue875' font='entypo-fontello' heading_tag='' heading_class='' link='' linktarget='' title_attr='' linkelement='' av_uid='av-2rx556' sc_version='1.0'][\/av_iconlist_item]\r\n[av_iconlist_item title='<strong>Address: <\/strong>Parda 6, Tallinn 10151' icon='ue875' font='entypo-fontello' heading_tag='' heading_class='' link='' linktarget='' linkelement='' av_uid='av-2wybiq' sc_version='1.0' title_attr=''][\/av_iconlist_item]\r\n[av_iconlist_item title='<strong>LHV bank <\/strong>IBAN: EE477700771003028143' icon='ue875' font='entypo-fontello' heading_tag='' heading_class='' link='' linktarget='' linkelement='' av_uid='av-2rx556-1' sc_version='1.0' title_attr=''][\/av_iconlist_item]\r\n[\/av_iconlist]\r\n\r\n[av_iconlist position='left' iconlist_styling='av-iconlist-small' custom_title_size='16' av-desktop-font-size-title='' av-medium-font-size-title='' av-small-font-size-title='' av-mini-font-size-title='' custom_content_size='' av-desktop-font-size='' av-medium-font-size='' av-small-font-size='' av-mini-font-size='' font_color='custom' custom_title='#0a0a0a' custom_content='' color='custom' custom_font='#03c203' custom_bg='' custom_border='' gradient_color_direction='vertical' gradient_color_1='#000000' gradient_color_2='#ffffff' gradient_color_3='' border='' border_width='' border_width_sync='true' border_color='' box_shadow='' box_shadow_style='0px,0px,0px,0px' box_shadow_color='' animation='' sonar_effect_effect='' sonar_effect_color='' sonar_effect_duration='1' sonar_effect_scale='' sonar_effect_opac='0.5' alb_description='' id='' custom_class='' template_class='' av_uid='av-2m3ztm' sc_version='1.0' admin_preview_bg='']\r\n[av_iconlist_item title='<strong>E-mail: <\/strong>raul@reddington.ee' icon='ue875' font='entypo-fontello' heading_tag='' heading_class='' link='' linktarget='' linkelement='' av_uid='av-2ftxpe' sc_version='1.0' title_attr=''][\/av_iconlist_item]\r\n[av_iconlist_item title='<strong>Phone: <\/strong> +372 5343 2444' icon='ue875' font='entypo-fontello' heading_tag='' heading_class='' link='' linktarget='' linkelement='' av_uid='av-29nh7u' sc_version='1.0' title_attr=''][\/av_iconlist_item]\r\n[\/av_iconlist]\r\n\r\n[\/av_two_fifth][av_one_fourth min_height='' vertical_alignment='' space='' custom_margin='' margin='0px' link='' linktarget='' link_hover='' padding='0px' border='' border_color='' radius='0px' background='bg_color' background_color='' background_gradient_color1='' background_gradient_color2='' background_gradient_direction='vertical' src='' background_position='top left' background_repeat='no-repeat' animation='' mobile_breaking='' mobile_display='' av_uid='av-22xh0y']\r\n\r\n[av_heading heading='Menu' tag='h3' style='blockquote modern-quote' subheading_active='' show_icon='' icon='ue800' font='entypo-fontello' size='40' av-medium-font-size-title='' av-small-font-size-title='' av-mini-font-size-title='' subheading_size='' av-medium-font-size='' av-small-font-size='' av-mini-font-size='' icon_size='' av-medium-font-size-1='' av-small-font-size-1='' av-mini-font-size-1='' color='custom-color-heading' custom_font='#0a0a0a' subheading_color='' seperator_color='' icon_color='' margin='' margin_sync='true' padding='10' icon_padding='10' headline_padding='' headline_padding_sync='true' link='' link_target='' id='' custom_class='' template_class='' av_uid='av-1vutl6' sc_version='1.0' admin_preview_bg=''][\/av_heading]\r\n\r\n[av_iconlist position='left' iconlist_styling='av-iconlist-small' custom_title_size='15' av-desktop-font-size-title='' av-medium-font-size-title='' av-small-font-size-title='' av-mini-font-size-title='' custom_content_size='' av-desktop-font-size='' av-medium-font-size='' av-small-font-size='' av-mini-font-size='' font_color='custom' custom_title='#0a0a0a' custom_content='' color='custom' custom_font='#03c203' custom_bg='' custom_border='' gradient_color_direction='vertical' gradient_color_1='#000000' gradient_color_2='#ffffff' gradient_color_3='' border='' border_width='' border_width_sync='true' border_color='' box_shadow='' box_shadow_style='0px,0px,0px,0px' box_shadow_color='' animation='' sonar_effect_effect='' sonar_effect_color='' sonar_effect_duration='1' sonar_effect_scale='' sonar_effect_opac='0.5' alb_description='' id='' custom_class='' template_class='' av_uid='av-1r5u96' sc_version='1.0' admin_preview_bg='']\r\n[av_iconlist_item title='<strong>Home<\/strong>' icon='ue8bd' font='entypo-fontello' heading_tag='' heading_class='' link='manually,#top' linktarget='' linkelement='' av_uid='av-5moiy' sc_version='1.0' title_attr=''][\/av_iconlist_item]\r\n[av_iconlist_item title='<strong>General information<\/strong>' icon='ue8bd' font='entypo-fontello' heading_tag='' heading_class='' link='manually,#uldinfo' linktarget='' linkelement='' av_uid='av-1g2wde' sc_version='1.0' title_attr=''][\/av_iconlist_item]\r\n[av_iconlist_item title='<strong>Location<\/strong>' icon='ue8bd' font='entypo-fontello' heading_tag='' heading_class='' link='manually,#asukoht' linktarget='' linkelement='' av_uid='av-1ba8bm' sc_version='1.0' title_attr=''][\/av_iconlist_item]\r\n[av_iconlist_item title='<strong>Rooms and plans<\/strong>' icon='ue8bd' font='entypo-fontello' heading_tag='' heading_class='' link='manually,#plaanid-ja-hinnad' linktarget='' linkelement='' av_uid='av-15a156' sc_version='1.0' title_attr=''][\/av_iconlist_item]\r\n[av_iconlist_item title='<strong>Developer<\/strong>' icon='ue8bd' font='entypo-fontello' heading_tag='' heading_class='' link='manually,#arendaja' linktarget='' linkelement='' av_uid='av-3g5d6' sc_version='1.0' title_attr=''][\/av_iconlist_item]\r\n[av_iconlist_item title='<strong>Contact<\/strong>' icon='ue8bd' font='entypo-fontello' heading_tag='' heading_class='' link='manually,#kontakt' linktarget='' linkelement='' av_uid='av-oh4wq' sc_version='1.0' title_attr=''][\/av_iconlist_item]\r\n[\/av_iconlist]\r\n\r\n[\/av_one_fourth][av_one_third min_height='av-equal-height-column' vertical_alignment='av-align-middle' space='' row_boxshadow_color='' row_boxshadow_width='10' custom_margin='aviaTBcustom_margin' margin='0px' margin_sync='true' mobile_breaking='' mobile_column_order='' min_col_height='' padding='0px' padding_sync='true' svg_div_top='' svg_div_top_color='#333333' svg_div_top_width='100' svg_div_top_height='50' svg_div_top_max_height='none' svg_div_top_opacity='' svg_div_bottom='' svg_div_bottom_color='#333333' svg_div_bottom_width='100' svg_div_bottom_height='50' svg_div_bottom_max_height='none' svg_div_bottom_opacity='' border='' border_style='solid' border_color='' radius='0px' radius_sync='true' column_boxshadow_color='' column_boxshadow_width='10' background='bg_color' background_color='' background_gradient_direction='vertical' background_gradient_color1='' background_gradient_color2='' background_gradient_color3='' src='' attachment='' attachment_size='' background_position='top left' background_repeat='no-repeat' highlight_size='1.1' animation='' link='' linktarget='' link_hover='' title_attr='' alt_attr='' mobile_display='' mobile_col_pos='0' id='' custom_class='' template_class='' aria_label='' av_uid='av-g06ii' sc_version='1.0']\r\n\r\n[av_image src='https:\/\/reddington.ee\/en\/wp-content\/uploads\/2023\/02\/Reddington_logo_horisontaal.png' attachment='1054' attachment_size='full' copyright='' caption='' image_size='' styling='' align='left' font_size='' overlay_opacity='0.4' overlay_color='#000000' overlay_text_color='#ffffff' animation='no-animation' hover='' appearance='' link='' target='' title_attr='' alt_attr='' img_scrset='' lazy_loading='disabled' id='' custom_class='' template_class='' av_element_hidden_in_editor='0' av_uid='av-9z60i' sc_version='1.0' admin_preview_bg=''][\/av_image]\r\n\r\n[\/av_one_third][\/av_section][av_section min_height='' min_height_pc='25' min_height_px='500px' padding='small' custom_margin='0px' custom_margin_sync='true' svg_div_top='' svg_div_top_color='#333333' svg_div_top_width='100' svg_div_top_height='50' svg_div_top_max_height='none' svg_div_top_opacity='' svg_div_bottom='' svg_div_bottom_color='#333333' svg_div_bottom_width='100' svg_div_bottom_height='50' svg_div_bottom_max_height='none' svg_div_bottom_opacity='' color='footer_color' background='bg_color' custom_bg='#e0e0e0' background_gradient_direction='diagonal_bt' background_gradient_color1='' background_gradient_color2='' background_gradient_color3='' src='' attachment='' attachment_size='' attach='scroll' position='top left' repeat='no-repeat' video='' video_ratio='16:9' overlay_opacity='0.5' overlay_color='' overlay_pattern='' overlay_custom_pattern='' shadow='no-border-styling' bottom_border='no-border-styling' bottom_border_diagonal_color='#333333' bottom_border_diagonal_direction='' bottom_border_style='' custom_arrow_bg='' id='kontakt' custom_class='' template_class='' aria_label='' av_element_hidden_in_editor='0' av_uid='av-kwqb31nh' sc_version='1.0']\r\n[av_one_half first min_height='' vertical_alignment='' space='' custom_margin='' margin='0px' link='' linktarget='' link_hover='' padding='0px' border='' border_color='' radius='0px' background='bg_color' background_color='' background_gradient_color1='' background_gradient_color2='' background_gradient_direction='vertical' src='' background_position='top left' background_repeat='no-repeat' animation='' mobile_breaking='' mobile_display='' av_uid='av-eu3uq']\r\n\r\n[av_textblock size='16' av-medium-font-size='' av-small-font-size='' av-mini-font-size='' font_color='custom' color='#0a0a0a' id='' custom_class='' template_class='' av_uid='av-kwqb2ko3' sc_version='1.0' admin_preview_bg='']\r\n<strong>All rights reserved \u00a9 Reddington O\u00dc<\/strong>\r\n[\/av_textblock]\r\n\r\n[\/av_one_half][av_one_half min_height='' vertical_alignment='' space='' custom_margin='' margin='0px' link='' linktarget='' link_hover='' padding='0px' border='' border_color='' radius='0px' background='bg_color' background_color='' background_gradient_color1='' background_gradient_color2='' background_gradient_direction='vertical' src='' background_position='top left' background_repeat='no-repeat' animation='' mobile_breaking='' mobile_display='' av_uid='av-aex56']\r\n\r\n[av_textblock size='16' av-medium-font-size='' av-small-font-size='' av-mini-font-size='' font_color='custom' color='#0a0a0a' id='' custom_class='' template_class='' av_uid='av-kwqb2qjg' sc_version='1.0' admin_preview_bg='']\r\n<p style=\"text-align: right;\"><a href=\"http:\/\/reddington.ee\/en\/kodulehe-privaatsuspoliitika\/\" target=\"_blank\" rel=\"noopener\"><strong>Privacy Policy<\/strong><\/a><\/p>\r\n[\/av_textblock]\r\n\r\n[\/av_one_half]\r\n[\/av_section]\r\n\r\n<\/p>\n","protected":false},"excerpt":{"rendered":"","protected":false},"author":1,"featured_media":0,"parent":0,"menu_order":0,"comment_status":"open","ping_status":"open","template":"","meta":{"footnotes":""},"class_list":["post-154","page","type-page","status-publish","hentry"],"_links":{"self":[{"href":"https:\/\/reddington.ee\/en\/wp-json\/wp\/v2\/pages\/154","targetHints":{"allow":["GET"]}}],"collection":[{"href":"https:\/\/reddington.ee\/en\/wp-json\/wp\/v2\/pages"}],"about":[{"href":"https:\/\/reddington.ee\/en\/wp-json\/wp\/v2\/types\/page"}],"author":[{"embeddable":true,"href":"https:\/\/reddington.ee\/en\/wp-json\/wp\/v2\/users\/1"}],"replies":[{"embeddable":true,"href":"https:\/\/reddington.ee\/en\/wp-json\/wp\/v2\/comments?post=154"}],"version-history":[{"count":1,"href":"https:\/\/reddington.ee\/en\/wp-json\/wp\/v2\/pages\/154\/revisions"}],"predecessor-version":[{"id":1014,"href":"https:\/\/reddington.ee\/en\/wp-json\/wp\/v2\/pages\/154\/revisions\/1014"}],"wp:attachment":[{"href":"https:\/\/reddington.ee\/en\/wp-json\/wp\/v2\/media?parent=154"}],"curies":[{"name":"wp","href":"https:\/\/api.w.org\/{rel}","templated":true}]}}